{"id":983,"date":"2019-07-05T12:05:05","date_gmt":"2019-07-05T10:05:05","guid":{"rendered":"https:\/\/www.tecnotorica.com\/applicazione\/"},"modified":"2022-05-26T12:30:20","modified_gmt":"2022-05-26T10:30:20","slug":"anwendung","status":"publish","type":"page","link":"https:\/\/www.tecnotorica.com\/de\/anwendung\/","title":{"rendered":"ANWENDUNG"},"content":{"rendered":"<p>[vc_row css=&#8220;.vc_custom_1570544744379{background-color: #c3d021 !important;}&#8220;][vc_column offset=&#8220;vc_hidden-md vc_hidden-sm vc_hidden-xs&#8220;][vc_empty_space height=&#8220;160px&#8220;][vc_column_text el_class=&#8220;titolo&#8220;]<\/p>\n<h1><b><\/p>\n<p style=\"text-align: center;\">ANWENDUNG<\/p>\n<p><\/b><\/h1>\n<p>[\/vc_column_text][vc_empty_space height=&#8220;50px&#8220;][\/vc_column][\/vc_row][vc_row css=&#8220;.vc_custom_1570544744379{background-color: #c3d021 !important;}&#8220;][vc_column offset=&#8220;vc_hidden-lg&#8220;][vc_empty_space height=&#8220;80px&#8220;][vc_column_text el_class=&#8220;titolo&#8220;]<\/p>\n<p style=\"text-align: center;\">ANWENDUNG<\/p>\n<p>[\/vc_column_text][vc_empty_space height=&#8220;20px&#8220;][\/vc_column][\/vc_row][vc_row css=&#8220;.vc_custom_1570622190320{padding-top: -40px !important;}&#8220;][vc_column]\r\n<!--Services Section-->\r\n<section class=\"services-style-one extended\">\r\n    <div class=\"auto-container\">\r\n        <div class=\"row clearfix\">\r\n            \r\n            <!--Image Column-->\r\n            <div class=\"image-column col-md-6 col-sm-12 col-xs-12\">\r\n                <div class=\"inner-box\">\r\n                    <figure class=\"image-box wow fadeInUp\" data-wow-delay=\"0ms\" data-wow-duration=\"1500ms\"><a href=\"https:\/\/www.tecnotorica.com\/wp-content\/uploads\/2019\/07\/applicazione-1.jpg\" class=\"lightbox-image\"><img decoding=\"async\" src=\"https:\/\/www.tecnotorica.com\/wp-content\/uploads\/2019\/07\/applicazione-1.jpg\" alt=\"Image\"><\/a><\/figure>\r\n                <\/div>\r\n            <\/div>\r\n            \r\n            <!--Text Column-->\r\n            <div class=\"text-column col-md-6 col-sm-12 col-xs-12\">\r\n                <!--Section Title--->\r\n                <div class=\"sec-title\"><h2>Die im Laufe der Jahre gesammelten Erfahrungen haben uns <strong>zu Spezialisten f\u00fcr die Herstellung von Libellen<\/strong> und zu Experten f\u00fcr das Verst\u00e4ndnis der mit ihrer Verwendung verbundenen Anforderungen gemacht.<\/h2><\/div>\r\n                \r\n                <div class=\"text\">\r\n                    <p>Dank der <strong>hohen Pr\u00e4zision und Automatisierung unserer Fertigungsprozesse <\/strong>bieten wir dem Markt <strong>qualitativ hochwertige Libellen<\/strong>, bei denen nur <strong>Materialien mit hohen Qualit\u00e4tsstandards<\/strong> verwendet werden, um <strong>die Langlebigkeit <\/strong>unserer Produkte und <strong>wettbewerbsf\u00e4hige Kosten<\/strong> zu gew\u00e4hrleisten.<\/p>\n<p>Die Qualit\u00e4t wird \u00fcber die gesamte technologische Produktionskette hinweg gew\u00e4hrleistet, da <strong>unsere Maschinen <\/strong>nicht nur Stichproben durchf\u00fchren, sondern<strong> jede einzelne Libelle<\/strong> genauestens \u00fcberwachen und <strong>kontrollieren<\/strong>.<\/p>\r\n                <\/div>\r\n                \r\n                <a href=\"\" class=\"theme-btn btn-style-two lined-btn-right\"><\/a>\r\n            <\/div>\r\n        <\/div>\r\n    <\/div>\r\n<\/section>\r\n\r\n[\/vc_column][\/vc_row][vc_row full_width=&#8220;stretch_row_content_no_spaces&#8220; parallax=&#8220;content-moving&#8220; parallax_image=&#8220;649&#8243; css=&#8220;.vc_custom_1569870410584{background-color: #c3cf21 !important;}&#8220;][vc_column offset=&#8220;vc_hidden-md vc_hidden-sm vc_hidden-xs&#8220;][vc_empty_space height=&#8220;100px&#8220;][vc_row_inner container=&#8220;1&#8243;][vc_column_inner width=&#8220;1\/3&#8243;][\/vc_column_inner][vc_column_inner width=&#8220;1\/3&#8243; css=&#8220;.vc_custom_1562327587134{padding-right: 50px !important;padding-left: 50px !important;}&#8220;][vc_column_text]<\/p>\n<h4 style=\"text-align: center;\"><span style=\"color: #ffffff;\"><strong> Unsere Produkte bieten vielf\u00e4ltige Anwendungsm\u00f6glichkeiten in unterschiedlichsten Bereichen. Dazu geh\u00f6ren zum Beispiel: <\/strong><\/span><\/h4>\n<p>[\/vc_column_text][vc_empty_space][\/vc_column_inner][vc_column_inner width=&#8220;1\/3&#8243;][\/vc_column_inner][\/vc_row_inner][vc_row_inner container=&#8220;1&#8243;][vc_column_inner width=&#8220;1\/4&#8243;][\/vc_column_inner][vc_column_inner width=&#8220;1\/4&#8243; css=&#8220;.vc_custom_1562327587134{padding-right: 50px !important;padding-left: 50px !important;}&#8220;][vc_message message_box_color=&#8220;white&#8220; icon_fontawesome=&#8220;fa fa-long-arrow-right&#8220;]<\/p>\n<h4>Sanit\u00e4r- und Heizungsbranche;<\/h4>\n<p>[\/vc_message][\/vc_column_inner][vc_column_inner width=&#8220;1\/4&#8243;][vc_message message_box_color=&#8220;white&#8220; icon_fontawesome=&#8220;fa fa-long-arrow-right&#8220;]<\/p>\n<h4>Hilfsmittel zur Befestigung von Wandhalterungen;<\/h4>\n<p>[\/vc_message][\/vc_column_inner][vc_column_inner width=&#8220;1\/4&#8243;][\/vc_column_inner][\/vc_row_inner][vc_row_inner container=&#8220;1&#8243;][vc_column_inner width=&#8220;1\/4&#8243;][\/vc_column_inner][vc_column_inner width=&#8220;1\/4&#8243; css=&#8220;.vc_custom_1562327587134{padding-right: 50px !important;padding-left: 50px !important;}&#8220;][vc_message message_box_color=&#8220;white&#8220; icon_fontawesome=&#8220;fa fa-long-arrow-right&#8220;]<\/p>\n<h4>Fotografischer Bereich;<\/h4>\n<p>[\/vc_message][\/vc_column_inner][vc_column_inner width=&#8220;1\/4&#8243;][vc_message message_box_color=&#8220;white&#8220; icon_fontawesome=&#8220;fa fa-long-arrow-right&#8220;]<\/p>\n<h4>Installation von Hausautomationsger\u00e4ten<\/h4>\n<p>[\/vc_message][\/vc_column_inner][vc_column_inner width=&#8220;1\/4&#8243;][\/vc_column_inner][\/vc_row_inner][vc_empty_space height=&#8220;100px&#8220;][\/vc_column][\/vc_row][vc_row full_width=&#8220;stretch_row_content_no_spaces&#8220; parallax=&#8220;content-moving&#8220; parallax_image=&#8220;649&#8243; css=&#8220;.vc_custom_1569870410584{background-color: #c3cf21 !important;}&#8220;][vc_column offset=&#8220;vc_hidden-lg&#8220;][vc_empty_space height=&#8220;100px&#8220;][vc_row_inner container=&#8220;1&#8243;][vc_column_inner][vc_column_text css=&#8220;.vc_custom_1573814989845{padding-right: 20px !important;padding-left: 20px !important;}&#8220;]<\/p>\n<h4 style=\"text-align: center;\"><span style=\"color: #ffffff;\"><strong> Unsere Produkte bieten vielf\u00e4ltige Anwendungsm\u00f6glichkeiten in unterschiedlichsten Bereichen. Dazu geh\u00f6ren zum Beispiel: <\/strong><\/span><\/h4>\n<p>[\/vc_column_text][vc_empty_space][\/vc_column_inner][\/vc_row_inner][vc_row_inner container=&#8220;1&#8243;][vc_column_inner css=&#8220;.vc_custom_1573814997425{padding-right: 20px !important;padding-left: 20px !important;}&#8220;][vc_message message_box_color=&#8220;white&#8220; icon_fontawesome=&#8220;fa fa-long-arrow-right&#8220;]<\/p>\n<h4>Sanit\u00e4r- und Heizungsbranche;<\/h4>\n<p>[\/vc_message][vc_message message_box_color=&#8220;white&#8220; icon_fontawesome=&#8220;fa fa-long-arrow-right&#8220;]<\/p>\n<h4>Hilfsmittel zur Befestigung von Wandhalterungen;<\/h4>\n<p>[\/vc_message][vc_message message_box_color=&#8220;white&#8220; icon_fontawesome=&#8220;fa fa-long-arrow-right&#8220;]<\/p>\n<h4>Fotografischer Bereich;<\/h4>\n<p>[\/vc_message][vc_message message_box_color=&#8220;white&#8220; icon_fontawesome=&#8220;fa fa-long-arrow-right&#8220;]<\/p>\n<h4>Installation von Hausautomationsger\u00e4ten<\/h4>\n<p>[\/vc_message][\/vc_column_inner][\/vc_row_inner][\/vc_column][\/vc_row][vc_row][vc_column]\r\n<!--About Section-->\r\n<section class=\"about-section\">\r\n    <div class=\"auto-container\">\r\n        <div class=\"row clearfix\">\r\n            \r\n            <!--Text Column-->\r\n            <div class=\"text-column col-md-6 col-sm-12 col-xs-12\">\r\n                <!--Section Title--->\r\n                <div class=\"sec-title wow fadeInDown\" data-wow-delay=\"0ms\" data-wow-duration=\"1500ms\"><h2><\/h2><\/div>\r\n                \r\n                <div class=\"text\">\r\n                    <p>Bei unserer gesamten Produktion zielt <strong>die kontinuierliche Forschung und Entwicklung<\/strong> darauf ab, <strong>dem Endverbraucher ein immer zuverl\u00e4ssiges und langlebiges Produkt zu bieten, die Qualit\u00e4t zu steigern und gleichzeitig die Kosten zu senken<\/strong> sowie <strong>kundenspezifische Libellen zu entwerfen und herzustellen<\/strong>.<\/p>\r\n                    <p><\/p>\r\n                <\/div>\r\n                \r\n                <a href=\"\" class=\"theme-btn btn-style-two lined-btn-right\"><\/a>\r\n            <\/div>\r\n            \r\n            \r\n            <!--Image Column-->\r\n            <div class=\"image-column col-md-6 col-sm-12 col-xs-12\">\r\n                <div class=\"inner-box wow fadeInRight\" data-wow-delay=\"0ms\" data-wow-duration=\"1500ms\">\r\n                    <div class=\"hanged-text\"><h5><\/h5><\/div>\r\n                    <figure class=\"image-box\"><a href=\"https:\/\/www.tecnotorica.com\/wp-content\/uploads\/2019\/07\/tecnologia-fiale-bolla-aria.jpg\" class=\"lightbox-image\"><img decoding=\"async\" src=\"https:\/\/www.tecnotorica.com\/wp-content\/uploads\/2019\/07\/tecnologia-fiale-bolla-aria.jpg\" alt=\"Image\"><\/a><\/figure>\r\n                <\/div>\r\n            <\/div>\r\n        \r\n        <\/div>\r\n    <\/div>\r\n<\/section>\r\n\r\n[\/vc_column][\/vc_row][vc_row][vc_column]\r\n<!--Call To Action Section-->\r\n<section class=\"call-to-action\">\r\n    <div class=\"auto-container\">\r\n        <h2>F\u00dcR ANFRAGEN ODER INFORMATIONEN<\/h2>\r\n        <a href=\"\/de\/kontakte\/\" class=\"theme-btn btn-style-three lined-btn-right\">KONTAKTIEREN SIE UNS<\/a>\r\n    <\/div>\r\n<\/section>\r\n\r\n[\/vc_column][\/vc_row]<\/p>\n","protected":false},"excerpt":{"rendered":"<p>[vc_row css=&#8220;.vc_custom_1570544744379{background-color: #c3d021 !important;}&#8220;][vc_column offset=&#8220;vc_hidden-md vc_hidden-sm vc_hidden-xs&#8220;][vc_empty_space height=&#8220;160px&#8220;][vc_column_text el_class=&#8220;titolo&#8220;] ANWENDUNG [\/vc_column_text][vc_empty_space height=&#8220;50px&#8220;][\/vc_column][\/vc_row][vc_row css=&#8220;.vc_custom_1570544744379{background-color: #c3d021 !important;}&#8220;][vc_column offset=&#8220;vc_hidden-lg&#8220;][vc_empty_space height=&#8220;80px&#8220;][vc_column_text el_class=&#8220;titolo&#8220;] ANWENDUNG [\/vc_column_text][vc_empty_space height=&#8220;20px&#8220;][\/vc_column][\/vc_row][vc_row css=&#8220;.vc_custom_1570622190320{padding-top: -40px !important;}&#8220;][vc_column][\/vc_column][\/vc_row][vc_row full_width=&#8220;stretch_row_content_no_spaces&#8220; parallax=&#8220;content-moving&#8220; parallax_image=&#8220;649&#8243; css=&#8220;.vc_custom_1569870410584{background-color: #c3cf21 !important;}&#8220;][vc_column offset=&#8220;vc_hidden-md vc_hidden-sm vc_hidden-xs&#8220;][vc_empty_space height=&#8220;100px&#8220;][vc_row_inner container=&#8220;1&#8243;][vc_column_inner width=&#8220;1\/3&#8243;][\/vc_column_inner][vc_column_inner width=&#8220;1\/3&#8243; css=&#8220;.vc_custom_1562327587134{padding-right: 50px !important;padding-left: 50px !important;}&#8220;][vc_column_text] Unsere Produkte bieten vielf\u00e4ltige Anwendungsm\u00f6glichkeiten in unterschiedlichsten Bereichen. Dazu geh\u00f6ren zum Beispiel: [\/vc_column_text][vc_empty_space][\/vc_column_inner][vc_column_inner<\/p>\n","protected":false},"author":1,"featured_media":0,"parent":0,"menu_order":0,"comment_status":"closed","ping_status":"closed","template":"tpl-visual_composer.php","meta":{"_monsterinsights_skip_tracking":false,"_monsterinsights_sitenote_active":false,"_monsterinsights_sitenote_note":"","_monsterinsights_sitenote_category":0,"footnotes":""},"class_list":["post-983","page","type-page","status-publish","hentry"],"yoast_head":"<!-- This site is optimized with the Yoast SEO plugin v27.5 - https:\/\/yoast.com\/product\/yoast-seo-wordpress\/ -->\n<title>Pr\u00e4zisionswerkzeuge f\u00fcr den Bausektor - Tecno Torica<\/title>\n<meta name=\"description\" content=\"Tecno Torica produziert Pr\u00e4zisionsinstrumente f\u00fcr den Bausektor und insbesondere hochwertige Luftblasenfl\u00e4schchen f\u00fcr Luftblasenf\u00fcllst\u00e4nde.\" \/>\n<meta name=\"robots\" content=\"index, follow, max-snippet:-1, max-image-preview:large, max-video-preview:-1\" \/>\n<link rel=\"canonical\" href=\"https:\/\/www.tecnotorica.com\/de\/anwendung\/\" \/>\n<meta property=\"og:locale\" content=\"de_DE\" \/>\n<meta property=\"og:type\" content=\"article\" \/>\n<meta property=\"og:title\" content=\"Pr\u00e4zisionswerkzeuge f\u00fcr den Bausektor - Tecno Torica\" \/>\n<meta property=\"og:description\" content=\"Tecno Torica produziert Pr\u00e4zisionsinstrumente f\u00fcr den Bausektor und insbesondere hochwertige Luftblasenfl\u00e4schchen f\u00fcr Luftblasenf\u00fcllst\u00e4nde.\" \/>\n<meta property=\"og:url\" content=\"https:\/\/www.tecnotorica.com\/de\/anwendung\/\" \/>\n<meta property=\"og:site_name\" content=\"Tecno Torica\" \/>\n<meta property=\"article:modified_time\" content=\"2022-05-26T10:30:20+00:00\" \/>\n<meta name=\"twitter:card\" content=\"summary_large_image\" \/>\n<meta name=\"twitter:label1\" content=\"Gesch\u00e4tzte Lesezeit\" \/>\n\t<meta name=\"twitter:data1\" content=\"4\u00a0Minuten\" \/>\n<script type=\"application\/ld+json\" class=\"yoast-schema-graph\">{\"@context\":\"https:\\\/\\\/schema.org\",\"@graph\":[{\"@type\":\"WebPage\",\"@id\":\"https:\\\/\\\/www.tecnotorica.com\\\/de\\\/anwendung\\\/\",\"url\":\"https:\\\/\\\/www.tecnotorica.com\\\/de\\\/anwendung\\\/\",\"name\":\"Pr\u00e4zisionswerkzeuge f\u00fcr den Bausektor - Tecno Torica\",\"isPartOf\":{\"@id\":\"https:\\\/\\\/www.tecnotorica.com\\\/#website\"},\"datePublished\":\"2019-07-05T10:05:05+00:00\",\"dateModified\":\"2022-05-26T10:30:20+00:00\",\"description\":\"Tecno Torica produziert Pr\u00e4zisionsinstrumente f\u00fcr den Bausektor und insbesondere hochwertige Luftblasenfl\u00e4schchen f\u00fcr Luftblasenf\u00fcllst\u00e4nde.\",\"breadcrumb\":{\"@id\":\"https:\\\/\\\/www.tecnotorica.com\\\/de\\\/anwendung\\\/#breadcrumb\"},\"inLanguage\":\"de\",\"potentialAction\":[{\"@type\":\"ReadAction\",\"target\":[\"https:\\\/\\\/www.tecnotorica.com\\\/de\\\/anwendung\\\/\"]}]},{\"@type\":\"BreadcrumbList\",\"@id\":\"https:\\\/\\\/www.tecnotorica.com\\\/de\\\/anwendung\\\/#breadcrumb\",\"itemListElement\":[{\"@type\":\"ListItem\",\"position\":1,\"name\":\"Home\",\"item\":\"https:\\\/\\\/www.tecnotorica.com\\\/de\\\/\"},{\"@type\":\"ListItem\",\"position\":2,\"name\":\"ANWENDUNG\"}]},{\"@type\":\"WebSite\",\"@id\":\"https:\\\/\\\/www.tecnotorica.com\\\/#website\",\"url\":\"https:\\\/\\\/www.tecnotorica.com\\\/\",\"name\":\"Tecno Torica\",\"description\":\"fiale a bolla d&#039;aria per livelle\",\"potentialAction\":[{\"@type\":\"SearchAction\",\"target\":{\"@type\":\"EntryPoint\",\"urlTemplate\":\"https:\\\/\\\/www.tecnotorica.com\\\/?s={search_term_string}\"},\"query-input\":{\"@type\":\"PropertyValueSpecification\",\"valueRequired\":true,\"valueName\":\"search_term_string\"}}],\"inLanguage\":\"de\"}]}<\/script>\n<!-- \/ Yoast SEO plugin. -->","yoast_head_json":{"title":"Pr\u00e4zisionswerkzeuge f\u00fcr den Bausektor - Tecno Torica","description":"Tecno Torica produziert Pr\u00e4zisionsinstrumente f\u00fcr den Bausektor und insbesondere hochwertige Luftblasenfl\u00e4schchen f\u00fcr Luftblasenf\u00fcllst\u00e4nde.","robots":{"index":"index","follow":"follow","max-snippet":"max-snippet:-1","max-image-preview":"max-image-preview:large","max-video-preview":"max-video-preview:-1"},"canonical":"https:\/\/www.tecnotorica.com\/de\/anwendung\/","og_locale":"de_DE","og_type":"article","og_title":"Pr\u00e4zisionswerkzeuge f\u00fcr den Bausektor - Tecno Torica","og_description":"Tecno Torica produziert Pr\u00e4zisionsinstrumente f\u00fcr den Bausektor und insbesondere hochwertige Luftblasenfl\u00e4schchen f\u00fcr Luftblasenf\u00fcllst\u00e4nde.","og_url":"https:\/\/www.tecnotorica.com\/de\/anwendung\/","og_site_name":"Tecno Torica","article_modified_time":"2022-05-26T10:30:20+00:00","twitter_card":"summary_large_image","twitter_misc":{"Gesch\u00e4tzte Lesezeit":"4\u00a0Minuten"},"schema":{"@context":"https:\/\/schema.org","@graph":[{"@type":"WebPage","@id":"https:\/\/www.tecnotorica.com\/de\/anwendung\/","url":"https:\/\/www.tecnotorica.com\/de\/anwendung\/","name":"Pr\u00e4zisionswerkzeuge f\u00fcr den Bausektor - Tecno Torica","isPartOf":{"@id":"https:\/\/www.tecnotorica.com\/#website"},"datePublished":"2019-07-05T10:05:05+00:00","dateModified":"2022-05-26T10:30:20+00:00","description":"Tecno Torica produziert Pr\u00e4zisionsinstrumente f\u00fcr den Bausektor und insbesondere hochwertige Luftblasenfl\u00e4schchen f\u00fcr Luftblasenf\u00fcllst\u00e4nde.","breadcrumb":{"@id":"https:\/\/www.tecnotorica.com\/de\/anwendung\/#breadcrumb"},"inLanguage":"de","potentialAction":[{"@type":"ReadAction","target":["https:\/\/www.tecnotorica.com\/de\/anwendung\/"]}]},{"@type":"BreadcrumbList","@id":"https:\/\/www.tecnotorica.com\/de\/anwendung\/#breadcrumb","itemListElement":[{"@type":"ListItem","position":1,"name":"Home","item":"https:\/\/www.tecnotorica.com\/de\/"},{"@type":"ListItem","position":2,"name":"ANWENDUNG"}]},{"@type":"WebSite","@id":"https:\/\/www.tecnotorica.com\/#website","url":"https:\/\/www.tecnotorica.com\/","name":"Tecno Torica","description":"fiale a bolla d&#039;aria per livelle","potentialAction":[{"@type":"SearchAction","target":{"@type":"EntryPoint","urlTemplate":"https:\/\/www.tecnotorica.com\/?s={search_term_string}"},"query-input":{"@type":"PropertyValueSpecification","valueRequired":true,"valueName":"search_term_string"}}],"inLanguage":"de"}]}},"_links":{"self":[{"href":"https:\/\/www.tecnotorica.com\/de\/wp-json\/wp\/v2\/pages\/983","targetHints":{"allow":["GET"]}}],"collection":[{"href":"https:\/\/www.tecnotorica.com\/de\/wp-json\/wp\/v2\/pages"}],"about":[{"href":"https:\/\/www.tecnotorica.com\/de\/wp-json\/wp\/v2\/types\/page"}],"author":[{"embeddable":true,"href":"https:\/\/www.tecnotorica.com\/de\/wp-json\/wp\/v2\/users\/1"}],"replies":[{"embeddable":true,"href":"https:\/\/www.tecnotorica.com\/de\/wp-json\/wp\/v2\/comments?post=983"}],"version-history":[{"count":14,"href":"https:\/\/www.tecnotorica.com\/de\/wp-json\/wp\/v2\/pages\/983\/revisions"}],"predecessor-version":[{"id":1815,"href":"https:\/\/www.tecnotorica.com\/de\/wp-json\/wp\/v2\/pages\/983\/revisions\/1815"}],"wp:attachment":[{"href":"https:\/\/www.tecnotorica.com\/de\/wp-json\/wp\/v2\/media?parent=983"}],"curies":[{"name":"wp","href":"https:\/\/api.w.org\/{rel}","templated":true}]}}