{"id":1446,"date":"2019-07-08T12:34:00","date_gmt":"2019-07-08T10:34:00","guid":{"rendered":"https:\/\/www.tecnotorica.com\/produkte\/minilivelle\/"},"modified":"2022-05-26T12:32:17","modified_gmt":"2022-05-26T10:32:17","slug":"mini-wasserwaagen","status":"publish","type":"page","link":"https:\/\/www.tecnotorica.com\/de\/produkte\/mini-wasserwaagen\/","title":{"rendered":"MINI-WASSERWAAGEN"},"content":{"rendered":"<p>[vc_row css=&#8220;.vc_custom_1570546829151{background-color: #c3d021 !important;}&#8220;][vc_column offset=&#8220;vc_hidden-md vc_hidden-sm vc_hidden-xs&#8220;][vc_empty_space height=&#8220;160px&#8220;][vc_column_text el_class=&#8220;titolo&#8220;]<\/p>\n<h1><b><\/p>\n<p style=\"text-align: center;\">MINI-WASSERWAAGEN<\/p>\n<p><\/b><\/h1>\n<p>[\/vc_column_text][vc_empty_space height=&#8220;50px&#8220;][\/vc_column][\/vc_row][vc_row css=&#8220;.vc_custom_1570546829151{background-color: #c3d021 !important;}&#8220;][vc_column offset=&#8220;vc_hidden-lg&#8220;][vc_empty_space height=&#8220;80px&#8220;][vc_column_text el_class=&#8220;titolo&#8220;]<\/p>\n<p style=\"text-align: center;\">MINI-WASSERWAAGEN<\/p>\n<p>[\/vc_column_text][vc_empty_space height=&#8220;20px&#8220;][\/vc_column][\/vc_row][vc_row][vc_column][vc_empty_space height=&#8220;100px&#8220;][\/vc_column][\/vc_row][vc_row container=&#8220;1&#8243;][vc_column width=&#8220;1\/2&#8243;][vc_column_text]<\/p>\n<h2>MINI-WASSERWAAGEN<\/h2>\n<p>[\/vc_column_text][vc_column_text]Mini-Wasserwaagen sind hochgradig anpassbare Produkte. Die gro\u00dfe Auswahl an Farben und die M\u00f6glichkeit, durch die Integration von Firmenlogos ein individuelles Produkt zu schaffen, machen diesen Artikel zu einem interessanten Arbeitswerkzeug, aber auch zu einer Idee f\u00fcr ein besonderes Gadget.<\/p>\n<p>Die in die Wasserwaage eingesetzte Libelle entspricht in jeder Hinsicht unseren hochqualitativen Anspr\u00fcchen und die enthaltene Fl\u00fcssigkeit ist das Ergebnis intensiver Forschungs- und Entwicklungsarbeiten. Sie ist sonnenlicht- und temperaturbest\u00e4ndig, verf\u00e4rbt sich mit der Zeit nicht und stellt daher eine sehr langlebige Komponente dar.[\/vc_column_text][\/vc_column][vc_column width=&#8220;1\/2&#8243;][vc_single_image image=&#8220;752&#8243; img_size=&#8220;full&#8220;][\/vc_column][\/vc_row][vc_row][vc_column][vc_empty_space height=&#8220;100px&#8220;][\/vc_column][\/vc_row][vc_row][vc_column]\r\n<!--Call To Action Section-->\r\n<section class=\"call-to-action\">\r\n    <div class=\"auto-container\">\r\n        <h2>F\u00dcR ANFRAGEN ODER INFORMATIONEN<\/h2>\r\n        <a href=\"\/de\/kontakte\/\" class=\"theme-btn btn-style-three lined-btn-right\">KONTAKTIEREN SIE UNS<\/a>\r\n    <\/div>\r\n<\/section>\r\n\r\n[\/vc_column][\/vc_row]<\/p>\n","protected":false},"excerpt":{"rendered":"<p>[vc_row css=&#8220;.vc_custom_1570546829151{background-color: #c3d021 !important;}&#8220;][vc_column offset=&#8220;vc_hidden-md vc_hidden-sm vc_hidden-xs&#8220;][vc_empty_space height=&#8220;160px&#8220;][vc_column_text el_class=&#8220;titolo&#8220;] MINI-WASSERWAAGEN [\/vc_column_text][vc_empty_space height=&#8220;50px&#8220;][\/vc_column][\/vc_row][vc_row css=&#8220;.vc_custom_1570546829151{background-color: #c3d021 !important;}&#8220;][vc_column offset=&#8220;vc_hidden-lg&#8220;][vc_empty_space height=&#8220;80px&#8220;][vc_column_text el_class=&#8220;titolo&#8220;] MINI-WASSERWAAGEN [\/vc_column_text][vc_empty_space height=&#8220;20px&#8220;][\/vc_column][\/vc_row][vc_row][vc_column][vc_empty_space height=&#8220;100px&#8220;][\/vc_column][\/vc_row][vc_row container=&#8220;1&#8243;][vc_column width=&#8220;1\/2&#8243;][vc_column_text] MINI-WASSERWAAGEN [\/vc_column_text][vc_column_text]Mini-Wasserwaagen sind hochgradig anpassbare Produkte. Die gro\u00dfe Auswahl an Farben und die M\u00f6glichkeit, durch die Integration von Firmenlogos ein individuelles Produkt zu schaffen, machen diesen Artikel zu einem interessanten Arbeitswerkzeug,<\/p>\n","protected":false},"author":1,"featured_media":1272,"parent":1427,"menu_order":0,"comment_status":"closed","ping_status":"closed","template":"tpl-visual_composer.php","meta":{"_mi_skip_tracking":false},"yoast_head":"<!-- This site is optimized with the Yoast SEO plugin v19.10 - https:\/\/yoast.com\/wordpress\/plugins\/seo\/ -->\n<title>Mini-Wasserwaagen mit Pr\u00e4zisionsblasenfl\u00e4schchen - Tecno Torica<\/title>\n<meta name=\"description\" content=\"Mini-Wasserwaagen mit Pr\u00e4zisionsblasenfl\u00e4schchen sind hochgradig anpassbare Produkte. In der Tat die gro\u00dfe Auswahl an Farben. Finde mehr heraus!\" \/>\n<meta name=\"robots\" content=\"index, follow, max-snippet:-1, max-image-preview:large, max-video-preview:-1\" \/>\n<link rel=\"canonical\" href=\"https:\/\/www.tecnotorica.com\/de\/produkte\/mini-wasserwaagen\/\" \/>\n<meta property=\"og:locale\" content=\"de_DE\" \/>\n<meta property=\"og:type\" content=\"article\" \/>\n<meta property=\"og:title\" content=\"Mini-Wasserwaagen mit Pr\u00e4zisionsblasenfl\u00e4schchen - Tecno Torica\" \/>\n<meta property=\"og:description\" content=\"Mini-Wasserwaagen mit Pr\u00e4zisionsblasenfl\u00e4schchen sind hochgradig anpassbare Produkte. In der Tat die gro\u00dfe Auswahl an Farben. Finde mehr heraus!\" \/>\n<meta property=\"og:url\" content=\"https:\/\/www.tecnotorica.com\/de\/produkte\/mini-wasserwaagen\/\" \/>\n<meta property=\"og:site_name\" content=\"Tecno Torica\" \/>\n<meta property=\"article:modified_time\" content=\"2022-05-26T10:32:17+00:00\" \/>\n<meta property=\"og:image\" content=\"https:\/\/www.tecnotorica.com\/wp-content\/uploads\/2019\/07\/minilivelle.jpg\" \/>\n\t<meta property=\"og:image:width\" content=\"800\" \/>\n\t<meta property=\"og:image:height\" content=\"645\" \/>\n\t<meta property=\"og:image:type\" content=\"image\/jpeg\" \/>\n<meta name=\"twitter:card\" content=\"summary_large_image\" \/>\n<meta name=\"twitter:label1\" content=\"Gesch\u00e4tzte Lesezeit\" \/>\n\t<meta name=\"twitter:data1\" content=\"1\u00a0Minute\" \/>\n<script type=\"application\/ld+json\" class=\"yoast-schema-graph\">{\"@context\":\"https:\/\/schema.org\",\"@graph\":[{\"@type\":\"WebPage\",\"@id\":\"https:\/\/www.tecnotorica.com\/de\/produkte\/mini-wasserwaagen\/\",\"url\":\"https:\/\/www.tecnotorica.com\/de\/produkte\/mini-wasserwaagen\/\",\"name\":\"Mini-Wasserwaagen mit Pr\u00e4zisionsblasenfl\u00e4schchen - Tecno Torica\",\"isPartOf\":{\"@id\":\"https:\/\/www.tecnotorica.com\/#website\"},\"datePublished\":\"2019-07-08T10:34:00+00:00\",\"dateModified\":\"2022-05-26T10:32:17+00:00\",\"description\":\"Mini-Wasserwaagen mit Pr\u00e4zisionsblasenfl\u00e4schchen sind hochgradig anpassbare Produkte. In der Tat die gro\u00dfe Auswahl an Farben. Finde mehr heraus!\",\"breadcrumb\":{\"@id\":\"https:\/\/www.tecnotorica.com\/de\/produkte\/mini-wasserwaagen\/#breadcrumb\"},\"inLanguage\":\"de\",\"potentialAction\":[{\"@type\":\"ReadAction\",\"target\":[\"https:\/\/www.tecnotorica.com\/de\/produkte\/mini-wasserwaagen\/\"]}]},{\"@type\":\"BreadcrumbList\",\"@id\":\"https:\/\/www.tecnotorica.com\/de\/produkte\/mini-wasserwaagen\/#breadcrumb\",\"itemListElement\":[{\"@type\":\"ListItem\",\"position\":1,\"name\":\"Home\",\"item\":\"https:\/\/www.tecnotorica.com\/de\/\"},{\"@type\":\"ListItem\",\"position\":2,\"name\":\"PRODUKTE\",\"item\":\"https:\/\/www.tecnotorica.com\/de\/produkte\/\"},{\"@type\":\"ListItem\",\"position\":3,\"name\":\"MINI-WASSERWAAGEN\"}]},{\"@type\":\"WebSite\",\"@id\":\"https:\/\/www.tecnotorica.com\/#website\",\"url\":\"https:\/\/www.tecnotorica.com\/\",\"name\":\"Tecno Torica\",\"description\":\"fiale a bolla d&#039;aria per livelle\",\"potentialAction\":[{\"@type\":\"SearchAction\",\"target\":{\"@type\":\"EntryPoint\",\"urlTemplate\":\"https:\/\/www.tecnotorica.com\/?s={search_term_string}\"},\"query-input\":\"required name=search_term_string\"}],\"inLanguage\":\"de\"}]}<\/script>\n<!-- \/ Yoast SEO plugin. -->","yoast_head_json":{"title":"Mini-Wasserwaagen mit Pr\u00e4zisionsblasenfl\u00e4schchen - Tecno Torica","description":"Mini-Wasserwaagen mit Pr\u00e4zisionsblasenfl\u00e4schchen sind hochgradig anpassbare Produkte. In der Tat die gro\u00dfe Auswahl an Farben. Finde mehr heraus!","robots":{"index":"index","follow":"follow","max-snippet":"max-snippet:-1","max-image-preview":"max-image-preview:large","max-video-preview":"max-video-preview:-1"},"canonical":"https:\/\/www.tecnotorica.com\/de\/produkte\/mini-wasserwaagen\/","og_locale":"de_DE","og_type":"article","og_title":"Mini-Wasserwaagen mit Pr\u00e4zisionsblasenfl\u00e4schchen - Tecno Torica","og_description":"Mini-Wasserwaagen mit Pr\u00e4zisionsblasenfl\u00e4schchen sind hochgradig anpassbare Produkte. In der Tat die gro\u00dfe Auswahl an Farben. Finde mehr heraus!","og_url":"https:\/\/www.tecnotorica.com\/de\/produkte\/mini-wasserwaagen\/","og_site_name":"Tecno Torica","article_modified_time":"2022-05-26T10:32:17+00:00","og_image":[{"width":800,"height":645,"url":"https:\/\/www.tecnotorica.com\/wp-content\/uploads\/2019\/07\/minilivelle.jpg","type":"image\/jpeg"}],"twitter_card":"summary_large_image","twitter_misc":{"Gesch\u00e4tzte Lesezeit":"1\u00a0Minute"},"schema":{"@context":"https:\/\/schema.org","@graph":[{"@type":"WebPage","@id":"https:\/\/www.tecnotorica.com\/de\/produkte\/mini-wasserwaagen\/","url":"https:\/\/www.tecnotorica.com\/de\/produkte\/mini-wasserwaagen\/","name":"Mini-Wasserwaagen mit Pr\u00e4zisionsblasenfl\u00e4schchen - Tecno Torica","isPartOf":{"@id":"https:\/\/www.tecnotorica.com\/#website"},"datePublished":"2019-07-08T10:34:00+00:00","dateModified":"2022-05-26T10:32:17+00:00","description":"Mini-Wasserwaagen mit Pr\u00e4zisionsblasenfl\u00e4schchen sind hochgradig anpassbare Produkte. In der Tat die gro\u00dfe Auswahl an Farben. Finde mehr heraus!","breadcrumb":{"@id":"https:\/\/www.tecnotorica.com\/de\/produkte\/mini-wasserwaagen\/#breadcrumb"},"inLanguage":"de","potentialAction":[{"@type":"ReadAction","target":["https:\/\/www.tecnotorica.com\/de\/produkte\/mini-wasserwaagen\/"]}]},{"@type":"BreadcrumbList","@id":"https:\/\/www.tecnotorica.com\/de\/produkte\/mini-wasserwaagen\/#breadcrumb","itemListElement":[{"@type":"ListItem","position":1,"name":"Home","item":"https:\/\/www.tecnotorica.com\/de\/"},{"@type":"ListItem","position":2,"name":"PRODUKTE","item":"https:\/\/www.tecnotorica.com\/de\/produkte\/"},{"@type":"ListItem","position":3,"name":"MINI-WASSERWAAGEN"}]},{"@type":"WebSite","@id":"https:\/\/www.tecnotorica.com\/#website","url":"https:\/\/www.tecnotorica.com\/","name":"Tecno Torica","description":"fiale a bolla d&#039;aria per livelle","potentialAction":[{"@type":"SearchAction","target":{"@type":"EntryPoint","urlTemplate":"https:\/\/www.tecnotorica.com\/?s={search_term_string}"},"query-input":"required name=search_term_string"}],"inLanguage":"de"}]}},"_links":{"self":[{"href":"https:\/\/www.tecnotorica.com\/de\/wp-json\/wp\/v2\/pages\/1446"}],"collection":[{"href":"https:\/\/www.tecnotorica.com\/de\/wp-json\/wp\/v2\/pages"}],"about":[{"href":"https:\/\/www.tecnotorica.com\/de\/wp-json\/wp\/v2\/types\/page"}],"author":[{"embeddable":true,"href":"https:\/\/www.tecnotorica.com\/de\/wp-json\/wp\/v2\/users\/1"}],"replies":[{"embeddable":true,"href":"https:\/\/www.tecnotorica.com\/de\/wp-json\/wp\/v2\/comments?post=1446"}],"version-history":[{"count":5,"href":"https:\/\/www.tecnotorica.com\/de\/wp-json\/wp\/v2\/pages\/1446\/revisions"}],"predecessor-version":[{"id":1825,"href":"https:\/\/www.tecnotorica.com\/de\/wp-json\/wp\/v2\/pages\/1446\/revisions\/1825"}],"up":[{"embeddable":true,"href":"https:\/\/www.tecnotorica.com\/de\/wp-json\/wp\/v2\/pages\/1427"}],"wp:featuredmedia":[{"embeddable":true,"href":"https:\/\/www.tecnotorica.com\/de\/wp-json\/wp\/v2\/media\/1272"}],"wp:attachment":[{"href":"https:\/\/www.tecnotorica.com\/de\/wp-json\/wp\/v2\/media?parent=1446"}],"curies":[{"name":"wp","href":"https:\/\/api.w.org\/{rel}","templated":true}]}}