{"id":1435,"date":"2019-07-08T11:48:14","date_gmt":"2019-07-08T09:48:14","guid":{"rendered":"https:\/\/www.tecnotorica.com\/produkte\/fiale-registrabili\/"},"modified":"2022-05-26T12:31:14","modified_gmt":"2022-05-26T10:31:14","slug":"einstellbare-libellen","status":"publish","type":"page","link":"https:\/\/www.tecnotorica.com\/de\/produkte\/einstellbare-libellen\/","title":{"rendered":"EINSTELLBARE LIBELLEN"},"content":{"rendered":"<p>[vc_row css=&#8220;.vc_custom_1570546216518{background-color: #c3d021 !important;}&#8220;][vc_column offset=&#8220;vc_hidden-md vc_hidden-sm vc_hidden-xs&#8220;][vc_empty_space height=&#8220;160px&#8220;][vc_column_text el_class=&#8220;titolo&#8220;]<\/p>\n<h1><b><\/p>\n<p style=\"text-align: center;\">EINSTELLBARE LIBELLEN<\/p>\n<p><\/b><\/h1>\n<p>[\/vc_column_text][vc_empty_space height=&#8220;50px&#8220;][\/vc_column][\/vc_row][vc_row css=&#8220;.vc_custom_1570546216518{background-color: #c3d021 !important;}&#8220;][vc_column offset=&#8220;vc_hidden-lg&#8220;][vc_empty_space height=&#8220;80px&#8220;][vc_column_text el_class=&#8220;titolo&#8220;]<\/p>\n<p style=\"text-align: center;\">EINSTELLBARE LIBELLEN<\/p>\n<p>[\/vc_column_text][vc_empty_space height=&#8220;20px&#8220;][\/vc_column][\/vc_row][vc_row][vc_column offset=&#8220;vc_hidden-xs&#8220;][vc_empty_space height=&#8220;50px&#8220;][\/vc_column][\/vc_row][vc_row][vc_column][vc_empty_space height=&#8220;50px&#8220;][\/vc_column][\/vc_row][vc_row container=&#8220;1&#8243;][vc_column width=&#8220;1\/2&#8243;][vc_column_text]<\/p>\n<h2>EINSTELLBARE LIBELLEN<\/h2>\n<p>[\/vc_column_text][vc_column_text]Dieses Produkt enth\u00e4lt eine R\u00f6hrenlibelle in einer speziellen Halterung aus transparentem PC (Polycarbonat), an deren Seiten sich die entsprechenden Bohrungen f\u00fcr eine schnelle Befestigung mit Schrauben befindet. Die spezifischen Merkmale und mechanischen Eigenschaften, mit denen die Libellenhalterung hergestellt wird, garantieren diesem Produkt die h\u00f6chstm\u00f6gliche Schlagfestigkeit.<\/p>\n<p>Die Fl\u00fcssigkeit in der Libelle ist das Ergebnis intensiver Forschungs- und Entwicklungsarbeiten. Sie ist sonnenlicht- und temperaturbest\u00e4ndig, verf\u00e4rbt sich mit der Zeit nicht und stellt daher eine sehr langlebige Komponente dar.<\/p>\n<p>Die einstellbaren Libellen sind auch in unterschiedlichen Materialien und Gr\u00f6\u00dfen erh\u00e4ltlich, um allen m\u00f6glichen Anforderungen gerecht zu werden.[\/vc_column_text][\/vc_column][vc_column width=&#8220;1\/2&#8243;][vc_single_image image=&#8220;692&#8243; img_size=&#8220;full&#8220;][\/vc_column][\/vc_row][vc_row][vc_column][vc_empty_space height=&#8220;100px&#8220;][\/vc_column][\/vc_row][vc_row][vc_column]\r\n<!--Call To Action Section-->\r\n<section class=\"call-to-action\">\r\n    <div class=\"auto-container\">\r\n        <h2>F\u00dcR ANFRAGEN ODER INFORMATIONEN<\/h2>\r\n        <a href=\"\/de\/kontakte\/\" class=\"theme-btn btn-style-three lined-btn-right\">KONTAKTIEREN SIE UNS<\/a>\r\n    <\/div>\r\n<\/section>\r\n\r\n[\/vc_column][\/vc_row]<\/p>\n","protected":false},"excerpt":{"rendered":"<p>[vc_row css=&#8220;.vc_custom_1570546216518{background-color: #c3d021 !important;}&#8220;][vc_column offset=&#8220;vc_hidden-md vc_hidden-sm vc_hidden-xs&#8220;][vc_empty_space height=&#8220;160px&#8220;][vc_column_text el_class=&#8220;titolo&#8220;] EINSTELLBARE LIBELLEN [\/vc_column_text][vc_empty_space height=&#8220;50px&#8220;][\/vc_column][\/vc_row][vc_row css=&#8220;.vc_custom_1570546216518{background-color: #c3d021 !important;}&#8220;][vc_column offset=&#8220;vc_hidden-lg&#8220;][vc_empty_space height=&#8220;80px&#8220;][vc_column_text el_class=&#8220;titolo&#8220;] EINSTELLBARE LIBELLEN [\/vc_column_text][vc_empty_space height=&#8220;20px&#8220;][\/vc_column][\/vc_row][vc_row][vc_column offset=&#8220;vc_hidden-xs&#8220;][vc_empty_space height=&#8220;50px&#8220;][\/vc_column][\/vc_row][vc_row][vc_column][vc_empty_space height=&#8220;50px&#8220;][\/vc_column][\/vc_row][vc_row container=&#8220;1&#8243;][vc_column width=&#8220;1\/2&#8243;][vc_column_text] EINSTELLBARE LIBELLEN [\/vc_column_text][vc_column_text]Dieses Produkt enth\u00e4lt eine R\u00f6hrenlibelle in einer speziellen Halterung aus transparentem PC (Polycarbonat), an deren Seiten sich die entsprechenden Bohrungen f\u00fcr eine schnelle Befestigung mit<\/p>\n","protected":false},"author":1,"featured_media":1268,"parent":1427,"menu_order":0,"comment_status":"closed","ping_status":"closed","template":"tpl-visual_composer.php","meta":{"_monsterinsights_skip_tracking":false,"_monsterinsights_sitenote_active":false,"_monsterinsights_sitenote_note":"","_monsterinsights_sitenote_category":0,"footnotes":""},"class_list":["post-1435","page","type-page","status-publish","has-post-thumbnail","hentry"],"yoast_head":"<!-- This site is optimized with the Yoast SEO plugin v27.5 - https:\/\/yoast.com\/product\/yoast-seo-wordpress\/ -->\n<title>Rechteckige Fl\u00e4schchen mit Luftblase aus Polycarbonat - Tecno Torica<\/title>\n<meta name=\"description\" content=\"Die rechteckigen Fl\u00e4schchen mit Luftblase werden in einen speziellen Tr\u00e4ger aus transparentem Polycarbonat eingesetzt, an den Seiten befinden sich die L\u00f6cher zur schnellen Befestigung.\" \/>\n<meta name=\"robots\" content=\"index, follow, max-snippet:-1, max-image-preview:large, max-video-preview:-1\" \/>\n<link rel=\"canonical\" href=\"https:\/\/www.tecnotorica.com\/de\/produkte\/einstellbare-libellen\/\" \/>\n<meta property=\"og:locale\" content=\"de_DE\" \/>\n<meta property=\"og:type\" content=\"article\" \/>\n<meta property=\"og:title\" content=\"Rechteckige Fl\u00e4schchen mit Luftblase aus Polycarbonat - Tecno Torica\" \/>\n<meta property=\"og:description\" content=\"Die rechteckigen Fl\u00e4schchen mit Luftblase werden in einen speziellen Tr\u00e4ger aus transparentem Polycarbonat eingesetzt, an den Seiten befinden sich die L\u00f6cher zur schnellen Befestigung.\" \/>\n<meta property=\"og:url\" content=\"https:\/\/www.tecnotorica.com\/de\/produkte\/einstellbare-libellen\/\" \/>\n<meta property=\"og:site_name\" content=\"Tecno Torica\" \/>\n<meta property=\"article:modified_time\" content=\"2022-05-26T10:31:14+00:00\" \/>\n<meta property=\"og:image\" content=\"https:\/\/www.tecnotorica.com\/wp-content\/uploads\/2019\/07\/fiale-registrabili.jpg\" \/>\n\t<meta property=\"og:image:width\" content=\"800\" \/>\n\t<meta property=\"og:image:height\" content=\"645\" \/>\n\t<meta property=\"og:image:type\" content=\"image\/jpeg\" \/>\n<meta name=\"twitter:card\" content=\"summary_large_image\" \/>\n<meta name=\"twitter:label1\" content=\"Gesch\u00e4tzte Lesezeit\" \/>\n\t<meta name=\"twitter:data1\" content=\"1\u00a0Minute\" \/>\n<script type=\"application\/ld+json\" class=\"yoast-schema-graph\">{\"@context\":\"https:\\\/\\\/schema.org\",\"@graph\":[{\"@type\":\"WebPage\",\"@id\":\"https:\\\/\\\/www.tecnotorica.com\\\/de\\\/produkte\\\/einstellbare-libellen\\\/\",\"url\":\"https:\\\/\\\/www.tecnotorica.com\\\/de\\\/produkte\\\/einstellbare-libellen\\\/\",\"name\":\"Rechteckige Fl\u00e4schchen mit Luftblase aus Polycarbonat - Tecno Torica\",\"isPartOf\":{\"@id\":\"https:\\\/\\\/www.tecnotorica.com\\\/#website\"},\"primaryImageOfPage\":{\"@id\":\"https:\\\/\\\/www.tecnotorica.com\\\/de\\\/produkte\\\/einstellbare-libellen\\\/#primaryimage\"},\"image\":{\"@id\":\"https:\\\/\\\/www.tecnotorica.com\\\/de\\\/produkte\\\/einstellbare-libellen\\\/#primaryimage\"},\"thumbnailUrl\":\"https:\\\/\\\/www.tecnotorica.com\\\/wp-content\\\/uploads\\\/2019\\\/07\\\/fiale-registrabili.jpg\",\"datePublished\":\"2019-07-08T09:48:14+00:00\",\"dateModified\":\"2022-05-26T10:31:14+00:00\",\"description\":\"Die rechteckigen Fl\u00e4schchen mit Luftblase werden in einen speziellen Tr\u00e4ger aus transparentem Polycarbonat eingesetzt, an den Seiten befinden sich die L\u00f6cher zur schnellen Befestigung.\",\"breadcrumb\":{\"@id\":\"https:\\\/\\\/www.tecnotorica.com\\\/de\\\/produkte\\\/einstellbare-libellen\\\/#breadcrumb\"},\"inLanguage\":\"de\",\"potentialAction\":[{\"@type\":\"ReadAction\",\"target\":[\"https:\\\/\\\/www.tecnotorica.com\\\/de\\\/produkte\\\/einstellbare-libellen\\\/\"]}]},{\"@type\":\"ImageObject\",\"inLanguage\":\"de\",\"@id\":\"https:\\\/\\\/www.tecnotorica.com\\\/de\\\/produkte\\\/einstellbare-libellen\\\/#primaryimage\",\"url\":\"https:\\\/\\\/www.tecnotorica.com\\\/wp-content\\\/uploads\\\/2019\\\/07\\\/fiale-registrabili.jpg\",\"contentUrl\":\"https:\\\/\\\/www.tecnotorica.com\\\/wp-content\\\/uploads\\\/2019\\\/07\\\/fiale-registrabili.jpg\",\"width\":800,\"height\":645,\"caption\":\"nuova sede Tecno Torica\"},{\"@type\":\"BreadcrumbList\",\"@id\":\"https:\\\/\\\/www.tecnotorica.com\\\/de\\\/produkte\\\/einstellbare-libellen\\\/#breadcrumb\",\"itemListElement\":[{\"@type\":\"ListItem\",\"position\":1,\"name\":\"Home\",\"item\":\"https:\\\/\\\/www.tecnotorica.com\\\/de\\\/\"},{\"@type\":\"ListItem\",\"position\":2,\"name\":\"PRODUKTE\",\"item\":\"https:\\\/\\\/www.tecnotorica.com\\\/de\\\/produkte\\\/\"},{\"@type\":\"ListItem\",\"position\":3,\"name\":\"EINSTELLBARE LIBELLEN\"}]},{\"@type\":\"WebSite\",\"@id\":\"https:\\\/\\\/www.tecnotorica.com\\\/#website\",\"url\":\"https:\\\/\\\/www.tecnotorica.com\\\/\",\"name\":\"Tecno Torica\",\"description\":\"fiale a bolla d&#039;aria per livelle\",\"potentialAction\":[{\"@type\":\"SearchAction\",\"target\":{\"@type\":\"EntryPoint\",\"urlTemplate\":\"https:\\\/\\\/www.tecnotorica.com\\\/?s={search_term_string}\"},\"query-input\":{\"@type\":\"PropertyValueSpecification\",\"valueRequired\":true,\"valueName\":\"search_term_string\"}}],\"inLanguage\":\"de\"}]}<\/script>\n<!-- \/ Yoast SEO plugin. -->","yoast_head_json":{"title":"Rechteckige Fl\u00e4schchen mit Luftblase aus Polycarbonat - Tecno Torica","description":"Die rechteckigen Fl\u00e4schchen mit Luftblase werden in einen speziellen Tr\u00e4ger aus transparentem Polycarbonat eingesetzt, an den Seiten befinden sich die L\u00f6cher zur schnellen Befestigung.","robots":{"index":"index","follow":"follow","max-snippet":"max-snippet:-1","max-image-preview":"max-image-preview:large","max-video-preview":"max-video-preview:-1"},"canonical":"https:\/\/www.tecnotorica.com\/de\/produkte\/einstellbare-libellen\/","og_locale":"de_DE","og_type":"article","og_title":"Rechteckige Fl\u00e4schchen mit Luftblase aus Polycarbonat - Tecno Torica","og_description":"Die rechteckigen Fl\u00e4schchen mit Luftblase werden in einen speziellen Tr\u00e4ger aus transparentem Polycarbonat eingesetzt, an den Seiten befinden sich die L\u00f6cher zur schnellen Befestigung.","og_url":"https:\/\/www.tecnotorica.com\/de\/produkte\/einstellbare-libellen\/","og_site_name":"Tecno Torica","article_modified_time":"2022-05-26T10:31:14+00:00","og_image":[{"width":800,"height":645,"url":"https:\/\/www.tecnotorica.com\/wp-content\/uploads\/2019\/07\/fiale-registrabili.jpg","type":"image\/jpeg"}],"twitter_card":"summary_large_image","twitter_misc":{"Gesch\u00e4tzte Lesezeit":"1\u00a0Minute"},"schema":{"@context":"https:\/\/schema.org","@graph":[{"@type":"WebPage","@id":"https:\/\/www.tecnotorica.com\/de\/produkte\/einstellbare-libellen\/","url":"https:\/\/www.tecnotorica.com\/de\/produkte\/einstellbare-libellen\/","name":"Rechteckige Fl\u00e4schchen mit Luftblase aus Polycarbonat - Tecno Torica","isPartOf":{"@id":"https:\/\/www.tecnotorica.com\/#website"},"primaryImageOfPage":{"@id":"https:\/\/www.tecnotorica.com\/de\/produkte\/einstellbare-libellen\/#primaryimage"},"image":{"@id":"https:\/\/www.tecnotorica.com\/de\/produkte\/einstellbare-libellen\/#primaryimage"},"thumbnailUrl":"https:\/\/www.tecnotorica.com\/wp-content\/uploads\/2019\/07\/fiale-registrabili.jpg","datePublished":"2019-07-08T09:48:14+00:00","dateModified":"2022-05-26T10:31:14+00:00","description":"Die rechteckigen Fl\u00e4schchen mit Luftblase werden in einen speziellen Tr\u00e4ger aus transparentem Polycarbonat eingesetzt, an den Seiten befinden sich die L\u00f6cher zur schnellen Befestigung.","breadcrumb":{"@id":"https:\/\/www.tecnotorica.com\/de\/produkte\/einstellbare-libellen\/#breadcrumb"},"inLanguage":"de","potentialAction":[{"@type":"ReadAction","target":["https:\/\/www.tecnotorica.com\/de\/produkte\/einstellbare-libellen\/"]}]},{"@type":"ImageObject","inLanguage":"de","@id":"https:\/\/www.tecnotorica.com\/de\/produkte\/einstellbare-libellen\/#primaryimage","url":"https:\/\/www.tecnotorica.com\/wp-content\/uploads\/2019\/07\/fiale-registrabili.jpg","contentUrl":"https:\/\/www.tecnotorica.com\/wp-content\/uploads\/2019\/07\/fiale-registrabili.jpg","width":800,"height":645,"caption":"nuova sede Tecno Torica"},{"@type":"BreadcrumbList","@id":"https:\/\/www.tecnotorica.com\/de\/produkte\/einstellbare-libellen\/#breadcrumb","itemListElement":[{"@type":"ListItem","position":1,"name":"Home","item":"https:\/\/www.tecnotorica.com\/de\/"},{"@type":"ListItem","position":2,"name":"PRODUKTE","item":"https:\/\/www.tecnotorica.com\/de\/produkte\/"},{"@type":"ListItem","position":3,"name":"EINSTELLBARE LIBELLEN"}]},{"@type":"WebSite","@id":"https:\/\/www.tecnotorica.com\/#website","url":"https:\/\/www.tecnotorica.com\/","name":"Tecno Torica","description":"fiale a bolla d&#039;aria per livelle","potentialAction":[{"@type":"SearchAction","target":{"@type":"EntryPoint","urlTemplate":"https:\/\/www.tecnotorica.com\/?s={search_term_string}"},"query-input":{"@type":"PropertyValueSpecification","valueRequired":true,"valueName":"search_term_string"}}],"inLanguage":"de"}]}},"_links":{"self":[{"href":"https:\/\/www.tecnotorica.com\/de\/wp-json\/wp\/v2\/pages\/1435","targetHints":{"allow":["GET"]}}],"collection":[{"href":"https:\/\/www.tecnotorica.com\/de\/wp-json\/wp\/v2\/pages"}],"about":[{"href":"https:\/\/www.tecnotorica.com\/de\/wp-json\/wp\/v2\/types\/page"}],"author":[{"embeddable":true,"href":"https:\/\/www.tecnotorica.com\/de\/wp-json\/wp\/v2\/users\/1"}],"replies":[{"embeddable":true,"href":"https:\/\/www.tecnotorica.com\/de\/wp-json\/wp\/v2\/comments?post=1435"}],"version-history":[{"count":6,"href":"https:\/\/www.tecnotorica.com\/de\/wp-json\/wp\/v2\/pages\/1435\/revisions"}],"predecessor-version":[{"id":1820,"href":"https:\/\/www.tecnotorica.com\/de\/wp-json\/wp\/v2\/pages\/1435\/revisions\/1820"}],"up":[{"embeddable":true,"href":"https:\/\/www.tecnotorica.com\/de\/wp-json\/wp\/v2\/pages\/1427"}],"wp:featuredmedia":[{"embeddable":true,"href":"https:\/\/www.tecnotorica.com\/de\/wp-json\/wp\/v2\/media\/1268"}],"wp:attachment":[{"href":"https:\/\/www.tecnotorica.com\/de\/wp-json\/wp\/v2\/media?parent=1435"}],"curies":[{"name":"wp","href":"https:\/\/api.w.org\/{rel}","templated":true}]}}