{"id":1431,"date":"2019-07-08T12:16:51","date_gmt":"2019-07-08T10:16:51","guid":{"rendered":"https:\/\/www.tecnotorica.com\/produkte\/fiale-tubolari\/"},"modified":"2022-05-26T12:32:36","modified_gmt":"2022-05-26T10:32:36","slug":"roehrenlibellen","status":"publish","type":"page","link":"https:\/\/www.tecnotorica.com\/de\/produkte\/roehrenlibellen\/","title":{"rendered":"R\u00d6HRENLIBELLEN"},"content":{"rendered":"<p>[vc_row css=&#8220;.vc_custom_1570546360339{background-color: #c3d021 !important;}&#8220;][vc_column offset=&#8220;vc_hidden-md vc_hidden-sm vc_hidden-xs&#8220;][vc_empty_space height=&#8220;160px&#8220;][vc_column_text el_class=&#8220;titolo&#8220;]<\/p>\n<h1><b><\/p>\n<p style=\"text-align: center;\">R\u00d6HRENLIBELLEN<\/p>\n<p><\/b><\/h1>\n<p>[\/vc_column_text][vc_empty_space height=&#8220;50px&#8220;][\/vc_column][\/vc_row][vc_row css=&#8220;.vc_custom_1570546360339{background-color: #c3d021 !important;}&#8220;][vc_column offset=&#8220;vc_hidden-lg&#8220;][vc_empty_space height=&#8220;80px&#8220;][vc_column_text el_class=&#8220;titolo&#8220;]<\/p>\n<p style=\"text-align: center;\">R\u00d6HRENLIBELLEN<\/p>\n<p>[\/vc_column_text][vc_empty_space height=&#8220;20px&#8220;][\/vc_column][\/vc_row][vc_row][vc_column offset=&#8220;vc_hidden-xs&#8220;][vc_empty_space height=&#8220;50px&#8220;][\/vc_column][\/vc_row][vc_row][vc_column][vc_empty_space height=&#8220;50px&#8220;][\/vc_column][\/vc_row][vc_row container=&#8220;1&#8243;][vc_column width=&#8220;1\/2&#8243;][vc_column_text]<\/p>\n<h2>R\u00d6HRENLIBELLEN<\/h2>\n<p>[\/vc_column_text][vc_column_text]Diese Produkte besteht aus PMMA (Polymethylmethacrylat), einem Kunststoff, der eine bessere Transparenz als Glas und eine hohe Schlagfestigkeit aufweist.<\/p>\n<p>Die Fl\u00fcssigkeit in der Libelle ist das Ergebnis intensiver und kontinuierlicher Forschungs- und Entwicklungsarbeit. Sie ist sonnenlicht- und temperaturbest\u00e4ndig, verf\u00e4rbt sich mit der Zeit nicht und funktioniert daher \u00fcber einen langen Zeitraum.<\/p>\n<p>R\u00f6hrenlibellen sind je nach Bedarf in unterschiedlichen Gr\u00f6\u00dfen erh\u00e4ltlich und k\u00f6nnen individuell angepasst werden.[\/vc_column_text][\/vc_column][vc_column width=&#8220;1\/2&#8243;][vc_single_image image=&#8220;735&#8243; img_size=&#8220;full&#8220;][\/vc_column][\/vc_row][vc_row][vc_column][vc_empty_space height=&#8220;100px&#8220;][\/vc_column][\/vc_row][vc_row][vc_column]\r\n<!--Call To Action Section-->\r\n<section class=\"call-to-action\">\r\n    <div class=\"auto-container\">\r\n        <h2>F\u00dcR ANFRAGEN ODER INFORMATIONEN<\/h2>\r\n        <a href=\"\/de\/kontakte\/\" class=\"theme-btn btn-style-three lined-btn-right\">KONTAKTIEREN SIE UNS<\/a>\r\n    <\/div>\r\n<\/section>\r\n\r\n[\/vc_column][\/vc_row]<\/p>\n","protected":false},"excerpt":{"rendered":"<p>[vc_row css=&#8220;.vc_custom_1570546360339{background-color: #c3d021 !important;}&#8220;][vc_column offset=&#8220;vc_hidden-md vc_hidden-sm vc_hidden-xs&#8220;][vc_empty_space height=&#8220;160px&#8220;][vc_column_text el_class=&#8220;titolo&#8220;] R\u00d6HRENLIBELLEN [\/vc_column_text][vc_empty_space height=&#8220;50px&#8220;][\/vc_column][\/vc_row][vc_row css=&#8220;.vc_custom_1570546360339{background-color: #c3d021 !important;}&#8220;][vc_column offset=&#8220;vc_hidden-lg&#8220;][vc_empty_space height=&#8220;80px&#8220;][vc_column_text el_class=&#8220;titolo&#8220;] R\u00d6HRENLIBELLEN [\/vc_column_text][vc_empty_space height=&#8220;20px&#8220;][\/vc_column][\/vc_row][vc_row][vc_column offset=&#8220;vc_hidden-xs&#8220;][vc_empty_space height=&#8220;50px&#8220;][\/vc_column][\/vc_row][vc_row][vc_column][vc_empty_space height=&#8220;50px&#8220;][\/vc_column][\/vc_row][vc_row container=&#8220;1&#8243;][vc_column width=&#8220;1\/2&#8243;][vc_column_text] R\u00d6HRENLIBELLEN [\/vc_column_text][vc_column_text]Diese Produkte besteht aus PMMA (Polymethylmethacrylat), einem Kunststoff, der eine bessere Transparenz als Glas und eine hohe Schlagfestigkeit aufweist. Die Fl\u00fcssigkeit in der Libelle ist das Ergebnis intensiver<\/p>\n","protected":false},"author":1,"featured_media":1269,"parent":1427,"menu_order":0,"comment_status":"closed","ping_status":"closed","template":"tpl-visual_composer.php","meta":{"_monsterinsights_skip_tracking":false,"_monsterinsights_sitenote_active":false,"_monsterinsights_sitenote_note":"","_monsterinsights_sitenote_category":0,"footnotes":""},"class_list":["post-1431","page","type-page","status-publish","has-post-thumbnail","hentry"],"yoast_head":"<!-- This site is optimized with the Yoast SEO plugin v27.5 - https:\/\/yoast.com\/product\/yoast-seo-wordpress\/ -->\n<title>Schlagfeste R\u00f6hren libelle aus Polymethylmethacrylat - Tecno Torica<\/title>\n<meta name=\"description\" content=\"R\u00f6hren libelle aus PMMA (Polymethylmethacrylat), einem Kunststoff, der eine gr\u00f6\u00dfere Transparenz als Glas und eine wichtige Schlagfestigkeit garantiert.\" \/>\n<meta name=\"robots\" content=\"index, follow, max-snippet:-1, max-image-preview:large, max-video-preview:-1\" \/>\n<link rel=\"canonical\" href=\"https:\/\/www.tecnotorica.com\/de\/produkte\/roehrenlibellen\/\" \/>\n<meta property=\"og:locale\" content=\"de_DE\" \/>\n<meta property=\"og:type\" content=\"article\" \/>\n<meta property=\"og:title\" content=\"Schlagfeste R\u00f6hren libelle aus Polymethylmethacrylat - Tecno Torica\" \/>\n<meta property=\"og:description\" content=\"R\u00f6hren libelle aus PMMA (Polymethylmethacrylat), einem Kunststoff, der eine gr\u00f6\u00dfere Transparenz als Glas und eine wichtige Schlagfestigkeit garantiert.\" \/>\n<meta property=\"og:url\" content=\"https:\/\/www.tecnotorica.com\/de\/produkte\/roehrenlibellen\/\" \/>\n<meta property=\"og:site_name\" content=\"Tecno Torica\" \/>\n<meta property=\"article:modified_time\" content=\"2022-05-26T10:32:36+00:00\" \/>\n<meta property=\"og:image\" content=\"https:\/\/www.tecnotorica.com\/wp-content\/uploads\/2019\/07\/fiale-tubaolari.jpg\" \/>\n\t<meta property=\"og:image:width\" content=\"800\" \/>\n\t<meta property=\"og:image:height\" content=\"645\" \/>\n\t<meta property=\"og:image:type\" content=\"image\/jpeg\" \/>\n<meta name=\"twitter:card\" content=\"summary_large_image\" \/>\n<meta name=\"twitter:label1\" content=\"Gesch\u00e4tzte Lesezeit\" \/>\n\t<meta name=\"twitter:data1\" content=\"1\u00a0Minute\" \/>\n<script type=\"application\/ld+json\" class=\"yoast-schema-graph\">{\"@context\":\"https:\\\/\\\/schema.org\",\"@graph\":[{\"@type\":\"WebPage\",\"@id\":\"https:\\\/\\\/www.tecnotorica.com\\\/de\\\/produkte\\\/roehrenlibellen\\\/\",\"url\":\"https:\\\/\\\/www.tecnotorica.com\\\/de\\\/produkte\\\/roehrenlibellen\\\/\",\"name\":\"Schlagfeste R\u00f6hren libelle aus Polymethylmethacrylat - Tecno Torica\",\"isPartOf\":{\"@id\":\"https:\\\/\\\/www.tecnotorica.com\\\/#website\"},\"primaryImageOfPage\":{\"@id\":\"https:\\\/\\\/www.tecnotorica.com\\\/de\\\/produkte\\\/roehrenlibellen\\\/#primaryimage\"},\"image\":{\"@id\":\"https:\\\/\\\/www.tecnotorica.com\\\/de\\\/produkte\\\/roehrenlibellen\\\/#primaryimage\"},\"thumbnailUrl\":\"https:\\\/\\\/www.tecnotorica.com\\\/wp-content\\\/uploads\\\/2019\\\/07\\\/fiale-tubaolari.jpg\",\"datePublished\":\"2019-07-08T10:16:51+00:00\",\"dateModified\":\"2022-05-26T10:32:36+00:00\",\"description\":\"R\u00f6hren libelle aus PMMA (Polymethylmethacrylat), einem Kunststoff, der eine gr\u00f6\u00dfere Transparenz als Glas und eine wichtige Schlagfestigkeit garantiert.\",\"breadcrumb\":{\"@id\":\"https:\\\/\\\/www.tecnotorica.com\\\/de\\\/produkte\\\/roehrenlibellen\\\/#breadcrumb\"},\"inLanguage\":\"de\",\"potentialAction\":[{\"@type\":\"ReadAction\",\"target\":[\"https:\\\/\\\/www.tecnotorica.com\\\/de\\\/produkte\\\/roehrenlibellen\\\/\"]}]},{\"@type\":\"ImageObject\",\"inLanguage\":\"de\",\"@id\":\"https:\\\/\\\/www.tecnotorica.com\\\/de\\\/produkte\\\/roehrenlibellen\\\/#primaryimage\",\"url\":\"https:\\\/\\\/www.tecnotorica.com\\\/wp-content\\\/uploads\\\/2019\\\/07\\\/fiale-tubaolari.jpg\",\"contentUrl\":\"https:\\\/\\\/www.tecnotorica.com\\\/wp-content\\\/uploads\\\/2019\\\/07\\\/fiale-tubaolari.jpg\",\"width\":800,\"height\":645,\"caption\":\"fiale registrabili Tecno Torica\"},{\"@type\":\"BreadcrumbList\",\"@id\":\"https:\\\/\\\/www.tecnotorica.com\\\/de\\\/produkte\\\/roehrenlibellen\\\/#breadcrumb\",\"itemListElement\":[{\"@type\":\"ListItem\",\"position\":1,\"name\":\"Home\",\"item\":\"https:\\\/\\\/www.tecnotorica.com\\\/de\\\/\"},{\"@type\":\"ListItem\",\"position\":2,\"name\":\"PRODUKTE\",\"item\":\"https:\\\/\\\/www.tecnotorica.com\\\/de\\\/produkte\\\/\"},{\"@type\":\"ListItem\",\"position\":3,\"name\":\"R\u00d6HRENLIBELLEN\"}]},{\"@type\":\"WebSite\",\"@id\":\"https:\\\/\\\/www.tecnotorica.com\\\/#website\",\"url\":\"https:\\\/\\\/www.tecnotorica.com\\\/\",\"name\":\"Tecno Torica\",\"description\":\"fiale a bolla d&#039;aria per livelle\",\"potentialAction\":[{\"@type\":\"SearchAction\",\"target\":{\"@type\":\"EntryPoint\",\"urlTemplate\":\"https:\\\/\\\/www.tecnotorica.com\\\/?s={search_term_string}\"},\"query-input\":{\"@type\":\"PropertyValueSpecification\",\"valueRequired\":true,\"valueName\":\"search_term_string\"}}],\"inLanguage\":\"de\"}]}<\/script>\n<!-- \/ Yoast SEO plugin. -->","yoast_head_json":{"title":"Schlagfeste R\u00f6hren libelle aus Polymethylmethacrylat - Tecno Torica","description":"R\u00f6hren libelle aus PMMA (Polymethylmethacrylat), einem Kunststoff, der eine gr\u00f6\u00dfere Transparenz als Glas und eine wichtige Schlagfestigkeit garantiert.","robots":{"index":"index","follow":"follow","max-snippet":"max-snippet:-1","max-image-preview":"max-image-preview:large","max-video-preview":"max-video-preview:-1"},"canonical":"https:\/\/www.tecnotorica.com\/de\/produkte\/roehrenlibellen\/","og_locale":"de_DE","og_type":"article","og_title":"Schlagfeste R\u00f6hren libelle aus Polymethylmethacrylat - Tecno Torica","og_description":"R\u00f6hren libelle aus PMMA (Polymethylmethacrylat), einem Kunststoff, der eine gr\u00f6\u00dfere Transparenz als Glas und eine wichtige Schlagfestigkeit garantiert.","og_url":"https:\/\/www.tecnotorica.com\/de\/produkte\/roehrenlibellen\/","og_site_name":"Tecno Torica","article_modified_time":"2022-05-26T10:32:36+00:00","og_image":[{"width":800,"height":645,"url":"https:\/\/www.tecnotorica.com\/wp-content\/uploads\/2019\/07\/fiale-tubaolari.jpg","type":"image\/jpeg"}],"twitter_card":"summary_large_image","twitter_misc":{"Gesch\u00e4tzte Lesezeit":"1\u00a0Minute"},"schema":{"@context":"https:\/\/schema.org","@graph":[{"@type":"WebPage","@id":"https:\/\/www.tecnotorica.com\/de\/produkte\/roehrenlibellen\/","url":"https:\/\/www.tecnotorica.com\/de\/produkte\/roehrenlibellen\/","name":"Schlagfeste R\u00f6hren libelle aus Polymethylmethacrylat - Tecno Torica","isPartOf":{"@id":"https:\/\/www.tecnotorica.com\/#website"},"primaryImageOfPage":{"@id":"https:\/\/www.tecnotorica.com\/de\/produkte\/roehrenlibellen\/#primaryimage"},"image":{"@id":"https:\/\/www.tecnotorica.com\/de\/produkte\/roehrenlibellen\/#primaryimage"},"thumbnailUrl":"https:\/\/www.tecnotorica.com\/wp-content\/uploads\/2019\/07\/fiale-tubaolari.jpg","datePublished":"2019-07-08T10:16:51+00:00","dateModified":"2022-05-26T10:32:36+00:00","description":"R\u00f6hren libelle aus PMMA (Polymethylmethacrylat), einem Kunststoff, der eine gr\u00f6\u00dfere Transparenz als Glas und eine wichtige Schlagfestigkeit garantiert.","breadcrumb":{"@id":"https:\/\/www.tecnotorica.com\/de\/produkte\/roehrenlibellen\/#breadcrumb"},"inLanguage":"de","potentialAction":[{"@type":"ReadAction","target":["https:\/\/www.tecnotorica.com\/de\/produkte\/roehrenlibellen\/"]}]},{"@type":"ImageObject","inLanguage":"de","@id":"https:\/\/www.tecnotorica.com\/de\/produkte\/roehrenlibellen\/#primaryimage","url":"https:\/\/www.tecnotorica.com\/wp-content\/uploads\/2019\/07\/fiale-tubaolari.jpg","contentUrl":"https:\/\/www.tecnotorica.com\/wp-content\/uploads\/2019\/07\/fiale-tubaolari.jpg","width":800,"height":645,"caption":"fiale registrabili Tecno Torica"},{"@type":"BreadcrumbList","@id":"https:\/\/www.tecnotorica.com\/de\/produkte\/roehrenlibellen\/#breadcrumb","itemListElement":[{"@type":"ListItem","position":1,"name":"Home","item":"https:\/\/www.tecnotorica.com\/de\/"},{"@type":"ListItem","position":2,"name":"PRODUKTE","item":"https:\/\/www.tecnotorica.com\/de\/produkte\/"},{"@type":"ListItem","position":3,"name":"R\u00d6HRENLIBELLEN"}]},{"@type":"WebSite","@id":"https:\/\/www.tecnotorica.com\/#website","url":"https:\/\/www.tecnotorica.com\/","name":"Tecno Torica","description":"fiale a bolla d&#039;aria per livelle","potentialAction":[{"@type":"SearchAction","target":{"@type":"EntryPoint","urlTemplate":"https:\/\/www.tecnotorica.com\/?s={search_term_string}"},"query-input":{"@type":"PropertyValueSpecification","valueRequired":true,"valueName":"search_term_string"}}],"inLanguage":"de"}]}},"_links":{"self":[{"href":"https:\/\/www.tecnotorica.com\/de\/wp-json\/wp\/v2\/pages\/1431","targetHints":{"allow":["GET"]}}],"collection":[{"href":"https:\/\/www.tecnotorica.com\/de\/wp-json\/wp\/v2\/pages"}],"about":[{"href":"https:\/\/www.tecnotorica.com\/de\/wp-json\/wp\/v2\/types\/page"}],"author":[{"embeddable":true,"href":"https:\/\/www.tecnotorica.com\/de\/wp-json\/wp\/v2\/users\/1"}],"replies":[{"embeddable":true,"href":"https:\/\/www.tecnotorica.com\/de\/wp-json\/wp\/v2\/comments?post=1431"}],"version-history":[{"count":6,"href":"https:\/\/www.tecnotorica.com\/de\/wp-json\/wp\/v2\/pages\/1431\/revisions"}],"predecessor-version":[{"id":1827,"href":"https:\/\/www.tecnotorica.com\/de\/wp-json\/wp\/v2\/pages\/1431\/revisions\/1827"}],"up":[{"embeddable":true,"href":"https:\/\/www.tecnotorica.com\/de\/wp-json\/wp\/v2\/pages\/1427"}],"wp:featuredmedia":[{"embeddable":true,"href":"https:\/\/www.tecnotorica.com\/de\/wp-json\/wp\/v2\/media\/1269"}],"wp:attachment":[{"href":"https:\/\/www.tecnotorica.com\/de\/wp-json\/wp\/v2\/media?parent=1431"}],"curies":[{"name":"wp","href":"https:\/\/api.w.org\/{rel}","templated":true}]}}