{"id":1422,"date":"2019-10-08T15:37:44","date_gmt":"2019-10-08T13:37:44","guid":{"rendered":"https:\/\/www.tecnotorica.com\/azienda\/"},"modified":"2022-05-26T12:33:39","modified_gmt":"2022-05-26T10:33:39","slug":"unternehmen","status":"publish","type":"page","link":"https:\/\/www.tecnotorica.com\/de\/unternehmen\/","title":{"rendered":"UNTERNEHMEN"},"content":{"rendered":"<p>[vc_row css=&#8220;.vc_custom_1570542810055{background-color: #c3d021 !important;}&#8220;][vc_column offset=&#8220;vc_hidden-md vc_hidden-sm vc_hidden-xs&#8220;][vc_empty_space height=&#8220;160px&#8220;][vc_column_text el_class=&#8220;titolo&#8220;]<\/p>\n<h1><b><\/p>\n<p style=\"text-align: center;\">UNTERNEHMEN<\/p>\n<p><\/b><\/h1>\n<p>[\/vc_column_text][vc_empty_space height=&#8220;50px&#8220;][\/vc_column][\/vc_row][vc_row css=&#8220;.vc_custom_1570542810055{background-color: #c3d021 !important;}&#8220;][vc_column offset=&#8220;vc_hidden-lg&#8220;][vc_empty_space height=&#8220;80px&#8220;][vc_column_text el_class=&#8220;titolo&#8220;]<\/p>\n<p style=\"text-align: center;\">UNTERNEHMEN<\/p>\n<p>[\/vc_column_text][vc_empty_space height=&#8220;20px&#8220;][\/vc_column][\/vc_row][vc_row][vc_column offset=&#8220;vc_hidden-xs&#8220;][vc_empty_space height=&#8220;50px&#8220; el_class=&#8220;spazio50&#8243;][\/vc_column][\/vc_row][vc_row][vc_column][vc_empty_space height=&#8220;50px&#8220; el_class=&#8220;spazio50&#8243;][\/vc_column][\/vc_row][vc_row gap=&#8220;35&#8243;][vc_column width=&#8220;1\/6&#8243;][\/vc_column][vc_column width=&#8220;2\/3&#8243; offset=&#8220;vc_hidden-md vc_hidden-sm&#8220;][vc_row_inner][vc_column_inner width=&#8220;1\/2&#8243; css=&#8220;.vc_custom_1573818045912{padding-right: 50px !important;padding-left: 50px !important;}&#8220;][vc_column_text]<\/p>\n<h2>TECNO TORICA<\/h2>\n<p>[\/vc_column_text][vc_separator color=&#8220;custom&#8220; align=&#8220;align_left&#8220; border_width=&#8220;3&#8243; el_width=&#8220;10&#8243; accent_color=&#8220;#c3d021&#8243;][vc_column_text]<\/p>\n<h3><strong>Unser Unternehmen geht auf das Jahr 1979 zur\u00fcck<\/strong>, als sich Herr Giuseppe Zanchetta auf eine Eingebung hin dazu entschloss, ein Unternehmen ins Leben zu rufen, das auf einen ganz besonderen Bedarf im Bausektor eingeht, der sich aus der Marktentwicklung in dieser Region ergab.<\/h3>\n<p>[\/vc_column_text][vc_column_text]Auf diese Weise entstand <strong>im Herzen Venetiens, in San Martino di Lupari in der Provinz Padua<\/strong>, das Unternehmen <strong>\u201eTecno-Torica\u201c, in dem Wasserwaagen Libellen<\/strong> hergestellt wurden, ein Nischenprodukt, das im Laufe der Zeit \u00fcber das Bauwesen hinaus auch in anderen Bereichen und Branchen Anwendung fand.[\/vc_column_text][\/vc_column_inner][vc_column_inner width=&#8220;1\/2&#8243;][vc_single_image image=&#8220;507&#8243; img_size=&#8220;full&#8220;][\/vc_column_inner][\/vc_row_inner][\/vc_column][vc_column width=&#8220;1\/6&#8243;][\/vc_column][\/vc_row][vc_row gap=&#8220;35&#8243; css=&#8220;.vc_custom_1563808521720{padding-right: 50px !important;padding-left: 50px !important;}&#8220;][vc_column width=&#8220;1\/6&#8243;][\/vc_column][vc_column width=&#8220;2\/3&#8243; offset=&#8220;vc_hidden-lg vc_hidden-xs&#8220;][vc_row_inner][vc_column_inner][vc_single_image image=&#8220;507&#8243; img_size=&#8220;full&#8220;][vc_column_text]<\/p>\n<h2>TECNO TORICA<\/h2>\n<p>[\/vc_column_text][vc_separator color=&#8220;custom&#8220; align=&#8220;align_left&#8220; border_width=&#8220;3&#8243; el_width=&#8220;10&#8243; accent_color=&#8220;#c3d021&#8243;][vc_column_text]<\/p>\n<h3><strong>Unser Unternehmen geht auf das Jahr 1979 zur\u00fcck<\/strong>, als sich Herr Giuseppe Zanchetta auf eine Eingebung hin dazu entschloss, ein Unternehmen ins Leben zu rufen, das auf einen ganz besonderen Bedarf im Bausektor eingeht, der sich aus der Marktentwicklung in dieser Region ergab.<\/h3>\n<p>[\/vc_column_text][vc_column_text]Auf diese Weise entstand <strong>im Herzen Venetiens, in San Martino di Lupari in der Provinz Padua<\/strong>, das Unternehmen <strong>\u201eTecno-Torica\u201c, in dem Glaskolben f\u00fcr Libellen<\/strong> hergestellt wurden, ein Nischenprodukt, das im Laufe der Zeit \u00fcber das Bauwesen hinaus auch in anderen Bereichen und Branchen Anwendung fand.[\/vc_column_text][\/vc_column_inner][\/vc_row_inner][\/vc_column][vc_column width=&#8220;1\/6&#8243;][\/vc_column][\/vc_row][vc_row full_width=&#8220;stretch_row_content_no_spaces&#8220;][vc_column offset=&#8220;vc_hidden-xs&#8220;][vc_empty_space height=&#8220;50px&#8220; el_class=&#8220;spazio&#8220;][\/vc_column][\/vc_row][vc_row][vc_column width=&#8220;1\/6&#8243;][\/vc_column][vc_column width=&#8220;2\/3&#8243; offset=&#8220;vc_hidden-md vc_hidden-sm&#8220;][vc_row_inner][vc_column_inner width=&#8220;1\/2&#8243;][vc_single_image image=&#8220;547&#8243; img_size=&#8220;full&#8220;][\/vc_column_inner][vc_column_inner width=&#8220;1\/2&#8243;][vc_column_text css=&#8220;.vc_custom_1573818027657{padding-right: 50px !important;padding-left: 50px !important;}&#8220;]Urspr\u00fcnglich in einem kleinen Geb\u00e4ude gegr\u00fcndet, <strong>wuchst das Unternehmen Jahr f\u00fcr Jahr<\/strong>, verblieb aber immer <strong>unter der ausschlie\u00dflichen F\u00fchrung unserer Familie<\/strong>.<\/p>\n<p>&nbsp;<\/p>\n<p>Heute leiten wir, die neue Generation der Familie Zanchetta, <strong>Tecno-Torica<\/strong> mit <strong>Begeisterung und investieren st\u00e4ndig in die Erforschung innovativer Technologien und neuer Materialien.<\/strong>[\/vc_column_text][\/vc_column_inner][\/vc_row_inner][\/vc_column][vc_column width=&#8220;1\/6&#8243;][\/vc_column][\/vc_row][vc_row gap=&#8220;35&#8243;][vc_column width=&#8220;1\/6&#8243;][\/vc_column][vc_column width=&#8220;2\/3&#8243; css=&#8220;.vc_custom_1573814541301{padding-right: 50px !important;padding-left: 50px !important;}&#8220; offset=&#8220;vc_hidden-lg vc_hidden-xs&#8220;][vc_row_inner][vc_column_inner][vc_single_image image=&#8220;547&#8243; img_size=&#8220;full&#8220;][vc_column_text]Urspr\u00fcnglich in einem kleinen Geb\u00e4ude gegr\u00fcndet, <strong>wuchst das Unternehmen Jahr f\u00fcr Jahr<\/strong>, verblieb aber immer <strong>unter der ausschlie\u00dflichen F\u00fchrung unserer Familie<\/strong>.<\/p>\n<p>&nbsp;<\/p>\n<p>Heute leiten wir, die neue Generation der Familie Zanchetta, <strong>Tecno-Torica<\/strong> mit <strong>Begeisterung und investieren st\u00e4ndig in die Erforschung innovativer Technologien und neuer Materialien.<\/strong>[\/vc_column_text][\/vc_column_inner][\/vc_row_inner][\/vc_column][vc_column width=&#8220;1\/6&#8243;][\/vc_column][\/vc_row][vc_row][vc_column offset=&#8220;vc_hidden-xs&#8220;][vc_empty_space height=&#8220;100px&#8220;][\/vc_column][\/vc_row][vc_row][vc_column]\r\n<!--Call To Action Section-->\r\n<section class=\"call-to-action\">\r\n    <div class=\"auto-container\">\r\n        <h2>F\u00dcR ANFRAGEN ODER INFORMATIONEN<\/h2>\r\n        <a href=\"\/de\/kontakte\/\" class=\"theme-btn btn-style-three lined-btn-right\">KONTAKTIEREN SIE UNS<\/a>\r\n    <\/div>\r\n<\/section>\r\n\r\n[\/vc_column][\/vc_row]<\/p>\n","protected":false},"excerpt":{"rendered":"<p>[vc_row css=&#8220;.vc_custom_1570542810055{background-color: #c3d021 !important;}&#8220;][vc_column offset=&#8220;vc_hidden-md vc_hidden-sm vc_hidden-xs&#8220;][vc_empty_space height=&#8220;160px&#8220;][vc_column_text el_class=&#8220;titolo&#8220;] UNTERNEHMEN [\/vc_column_text][vc_empty_space height=&#8220;50px&#8220;][\/vc_column][\/vc_row][vc_row css=&#8220;.vc_custom_1570542810055{background-color: #c3d021 !important;}&#8220;][vc_column offset=&#8220;vc_hidden-lg&#8220;][vc_empty_space height=&#8220;80px&#8220;][vc_column_text el_class=&#8220;titolo&#8220;] UNTERNEHMEN [\/vc_column_text][vc_empty_space height=&#8220;20px&#8220;][\/vc_column][\/vc_row][vc_row][vc_column offset=&#8220;vc_hidden-xs&#8220;][vc_empty_space height=&#8220;50px&#8220; el_class=&#8220;spazio50&#8243;][\/vc_column][\/vc_row][vc_row][vc_column][vc_empty_space height=&#8220;50px&#8220; el_class=&#8220;spazio50&#8243;][\/vc_column][\/vc_row][vc_row gap=&#8220;35&#8243;][vc_column width=&#8220;1\/6&#8243;][\/vc_column][vc_column width=&#8220;2\/3&#8243; offset=&#8220;vc_hidden-md vc_hidden-sm&#8220;][vc_row_inner][vc_column_inner width=&#8220;1\/2&#8243; css=&#8220;.vc_custom_1573818045912{padding-right: 50px !important;padding-left: 50px !important;}&#8220;][vc_column_text] TECNO TORICA [\/vc_column_text][vc_separator color=&#8220;custom&#8220; align=&#8220;align_left&#8220; border_width=&#8220;3&#8243; el_width=&#8220;10&#8243; accent_color=&#8220;#c3d021&#8243;][vc_column_text] Unser Unternehmen geht auf das Jahr 1979 zur\u00fcck, als sich<\/p>\n","protected":false},"author":1,"featured_media":0,"parent":0,"menu_order":0,"comment_status":"closed","ping_status":"closed","template":"tpl-visual_composer.php","meta":{"_monsterinsights_skip_tracking":false,"_monsterinsights_sitenote_active":false,"_monsterinsights_sitenote_note":"","_monsterinsights_sitenote_category":0,"footnotes":""},"class_list":["post-1422","page","type-page","status-publish","hentry"],"yoast_head":"<!-- This site is optimized with the Yoast SEO plugin v27.5 - https:\/\/yoast.com\/product\/yoast-seo-wordpress\/ -->\n<title>Wasserwaagen Libellen f\u00fcr den Bausektor - Tecno Torica<\/title>\n<meta name=\"description\" content=\"Wir sind Spezialisten f\u00fcr die Wasserwaagen Libellen f\u00fcr F\u00fcllst\u00e4nde f\u00fcr den Bausektor und verf\u00fcgen \u00fcber mehr als vierzig Jahre Erfahrung in diesem Sektor\" \/>\n<meta name=\"robots\" content=\"index, follow, max-snippet:-1, max-image-preview:large, max-video-preview:-1\" \/>\n<link rel=\"canonical\" href=\"https:\/\/www.tecnotorica.com\/de\/unternehmen\/\" \/>\n<meta property=\"og:locale\" content=\"de_DE\" \/>\n<meta property=\"og:type\" content=\"article\" \/>\n<meta property=\"og:title\" content=\"Wasserwaagen Libellen f\u00fcr den Bausektor - Tecno Torica\" \/>\n<meta property=\"og:description\" content=\"Wir sind Spezialisten f\u00fcr die Wasserwaagen Libellen f\u00fcr F\u00fcllst\u00e4nde f\u00fcr den Bausektor und verf\u00fcgen \u00fcber mehr als vierzig Jahre Erfahrung in diesem Sektor\" \/>\n<meta property=\"og:url\" content=\"https:\/\/www.tecnotorica.com\/de\/unternehmen\/\" \/>\n<meta property=\"og:site_name\" content=\"Tecno Torica\" \/>\n<meta property=\"article:modified_time\" content=\"2022-05-26T10:33:39+00:00\" \/>\n<meta name=\"twitter:card\" content=\"summary_large_image\" \/>\n<meta name=\"twitter:label1\" content=\"Gesch\u00e4tzte Lesezeit\" \/>\n\t<meta name=\"twitter:data1\" content=\"4\u00a0Minuten\" \/>\n<script type=\"application\/ld+json\" class=\"yoast-schema-graph\">{\"@context\":\"https:\\\/\\\/schema.org\",\"@graph\":[{\"@type\":\"WebPage\",\"@id\":\"https:\\\/\\\/www.tecnotorica.com\\\/de\\\/unternehmen\\\/\",\"url\":\"https:\\\/\\\/www.tecnotorica.com\\\/de\\\/unternehmen\\\/\",\"name\":\"Wasserwaagen Libellen f\u00fcr den Bausektor - Tecno Torica\",\"isPartOf\":{\"@id\":\"https:\\\/\\\/www.tecnotorica.com\\\/#website\"},\"datePublished\":\"2019-10-08T13:37:44+00:00\",\"dateModified\":\"2022-05-26T10:33:39+00:00\",\"description\":\"Wir sind Spezialisten f\u00fcr die Wasserwaagen Libellen f\u00fcr F\u00fcllst\u00e4nde f\u00fcr den Bausektor und verf\u00fcgen \u00fcber mehr als vierzig Jahre Erfahrung in diesem Sektor\",\"breadcrumb\":{\"@id\":\"https:\\\/\\\/www.tecnotorica.com\\\/de\\\/unternehmen\\\/#breadcrumb\"},\"inLanguage\":\"de\",\"potentialAction\":[{\"@type\":\"ReadAction\",\"target\":[\"https:\\\/\\\/www.tecnotorica.com\\\/de\\\/unternehmen\\\/\"]}]},{\"@type\":\"BreadcrumbList\",\"@id\":\"https:\\\/\\\/www.tecnotorica.com\\\/de\\\/unternehmen\\\/#breadcrumb\",\"itemListElement\":[{\"@type\":\"ListItem\",\"position\":1,\"name\":\"Home\",\"item\":\"https:\\\/\\\/www.tecnotorica.com\\\/de\\\/\"},{\"@type\":\"ListItem\",\"position\":2,\"name\":\"UNTERNEHMEN\"}]},{\"@type\":\"WebSite\",\"@id\":\"https:\\\/\\\/www.tecnotorica.com\\\/#website\",\"url\":\"https:\\\/\\\/www.tecnotorica.com\\\/\",\"name\":\"Tecno Torica\",\"description\":\"fiale a bolla d&#039;aria per livelle\",\"potentialAction\":[{\"@type\":\"SearchAction\",\"target\":{\"@type\":\"EntryPoint\",\"urlTemplate\":\"https:\\\/\\\/www.tecnotorica.com\\\/?s={search_term_string}\"},\"query-input\":{\"@type\":\"PropertyValueSpecification\",\"valueRequired\":true,\"valueName\":\"search_term_string\"}}],\"inLanguage\":\"de\"}]}<\/script>\n<!-- \/ Yoast SEO plugin. -->","yoast_head_json":{"title":"Wasserwaagen Libellen f\u00fcr den Bausektor - Tecno Torica","description":"Wir sind Spezialisten f\u00fcr die Wasserwaagen Libellen f\u00fcr F\u00fcllst\u00e4nde f\u00fcr den Bausektor und verf\u00fcgen \u00fcber mehr als vierzig Jahre Erfahrung in diesem Sektor","robots":{"index":"index","follow":"follow","max-snippet":"max-snippet:-1","max-image-preview":"max-image-preview:large","max-video-preview":"max-video-preview:-1"},"canonical":"https:\/\/www.tecnotorica.com\/de\/unternehmen\/","og_locale":"de_DE","og_type":"article","og_title":"Wasserwaagen Libellen f\u00fcr den Bausektor - Tecno Torica","og_description":"Wir sind Spezialisten f\u00fcr die Wasserwaagen Libellen f\u00fcr F\u00fcllst\u00e4nde f\u00fcr den Bausektor und verf\u00fcgen \u00fcber mehr als vierzig Jahre Erfahrung in diesem Sektor","og_url":"https:\/\/www.tecnotorica.com\/de\/unternehmen\/","og_site_name":"Tecno Torica","article_modified_time":"2022-05-26T10:33:39+00:00","twitter_card":"summary_large_image","twitter_misc":{"Gesch\u00e4tzte Lesezeit":"4\u00a0Minuten"},"schema":{"@context":"https:\/\/schema.org","@graph":[{"@type":"WebPage","@id":"https:\/\/www.tecnotorica.com\/de\/unternehmen\/","url":"https:\/\/www.tecnotorica.com\/de\/unternehmen\/","name":"Wasserwaagen Libellen f\u00fcr den Bausektor - Tecno Torica","isPartOf":{"@id":"https:\/\/www.tecnotorica.com\/#website"},"datePublished":"2019-10-08T13:37:44+00:00","dateModified":"2022-05-26T10:33:39+00:00","description":"Wir sind Spezialisten f\u00fcr die Wasserwaagen Libellen f\u00fcr F\u00fcllst\u00e4nde f\u00fcr den Bausektor und verf\u00fcgen \u00fcber mehr als vierzig Jahre Erfahrung in diesem Sektor","breadcrumb":{"@id":"https:\/\/www.tecnotorica.com\/de\/unternehmen\/#breadcrumb"},"inLanguage":"de","potentialAction":[{"@type":"ReadAction","target":["https:\/\/www.tecnotorica.com\/de\/unternehmen\/"]}]},{"@type":"BreadcrumbList","@id":"https:\/\/www.tecnotorica.com\/de\/unternehmen\/#breadcrumb","itemListElement":[{"@type":"ListItem","position":1,"name":"Home","item":"https:\/\/www.tecnotorica.com\/de\/"},{"@type":"ListItem","position":2,"name":"UNTERNEHMEN"}]},{"@type":"WebSite","@id":"https:\/\/www.tecnotorica.com\/#website","url":"https:\/\/www.tecnotorica.com\/","name":"Tecno Torica","description":"fiale a bolla d&#039;aria per livelle","potentialAction":[{"@type":"SearchAction","target":{"@type":"EntryPoint","urlTemplate":"https:\/\/www.tecnotorica.com\/?s={search_term_string}"},"query-input":{"@type":"PropertyValueSpecification","valueRequired":true,"valueName":"search_term_string"}}],"inLanguage":"de"}]}},"_links":{"self":[{"href":"https:\/\/www.tecnotorica.com\/de\/wp-json\/wp\/v2\/pages\/1422","targetHints":{"allow":["GET"]}}],"collection":[{"href":"https:\/\/www.tecnotorica.com\/de\/wp-json\/wp\/v2\/pages"}],"about":[{"href":"https:\/\/www.tecnotorica.com\/de\/wp-json\/wp\/v2\/types\/page"}],"author":[{"embeddable":true,"href":"https:\/\/www.tecnotorica.com\/de\/wp-json\/wp\/v2\/users\/1"}],"replies":[{"embeddable":true,"href":"https:\/\/www.tecnotorica.com\/de\/wp-json\/wp\/v2\/comments?post=1422"}],"version-history":[{"count":10,"href":"https:\/\/www.tecnotorica.com\/de\/wp-json\/wp\/v2\/pages\/1422\/revisions"}],"predecessor-version":[{"id":1831,"href":"https:\/\/www.tecnotorica.com\/de\/wp-json\/wp\/v2\/pages\/1422\/revisions\/1831"}],"wp:attachment":[{"href":"https:\/\/www.tecnotorica.com\/de\/wp-json\/wp\/v2\/media?parent=1422"}],"curies":[{"name":"wp","href":"https:\/\/api.w.org\/{rel}","templated":true}]}}